{"id":962,"date":"2018-10-24T14:39:14","date_gmt":"2018-10-24T14:39:14","guid":{"rendered":"http:\/\/croplife-clean.edlfb.net\/privacy-policy\/"},"modified":"2021-06-23T11:19:31","modified_gmt":"2021-06-23T16:19:31","slug":"politique-de-confidentialite","status":"publish","type":"page","link":"https:\/\/realfarmlives.ca\/fr\/politique-de-confidentialite\/","title":{"rendered":"Politique De Confidentialit\u00e9"},"content":{"rendered":"<p>La confidentialit\u00e9 de vos renseignements personnels rev\u00eat une importance primordiale pour CropLife Canada Inc. (\u00ab\u202fCropLife\u202f\u00bb, \u00ab\u202fnous\u202f\u00bb, \u00ab\u202fnotre\u202f\u00bb ou \u00ab\u202fnos\u202f\u00bb, comme appropri\u00e9). La politique de confidentialit\u00e9 g\u00e9n\u00e9rale de notre site Web principal pr\u00e9sente notre approche en mati\u00e8re de collecte, d\u2019utilisation et de divulgation de vos renseignements personnels sur les autres sites Web de CropLife. Cette politique de confidentialit\u00e9 explique comment nous recueillons, utilisons et divulguons vos renseignements personnels lorsque vous utilisez le site Web <a href=\"https:\/\/realfarmlives.ca\">https:\/\/realfarmlives.ca<\/a> et tout autre sous-domaine de ce site Web (le \u00ab\u202fsite\u202f\u00bb), ainsi que le type de renseignements que nous recueillons lorsque vous utilisez notre site. En acc\u00e9dant au site, vous acceptez d\u2019\u00eatre li\u00e9 par les modalit\u00e9s de la pr\u00e9sente politique de confidentialit\u00e9.<\/p>\n<p><strong>Lorsque vous visitez notre site.<\/strong> Nous recueillons des renseignements de nature g\u00e9n\u00e9rale au sujet de vos activit\u00e9s sur notre site, notamment les pages que vous consultez. Lors de votre premi\u00e8re visite, nous vous attribuons un num\u00e9ro unique, qui est stock\u00e9 dans un ou plusieurs fichiers t\u00e9moins sur le disque dur de votre ordinateur ou de votre appareil mobile. Ces t\u00e9moins nous aident \u00e0 discerner les nouveaux visiteurs des visiteurs r\u00e9currents. <\/p>\n<p><strong>Renseignements techniques.<\/strong> Lorsque vous visitez le site et utilisez ses services et ses fonctionnalit\u00e9s, nous pouvons recueillir certains renseignements techniques \u00e0 l\u2019aide de moyens \u00e9lectroniques, notamment par l\u2019interm\u00e9diaire de Google Analytics, de t\u00e9moins et de pixels-espions. Ces renseignements peuvent comprendre l\u2019adresse IP de votre ordinateur et de votre appareil mobile, le navigateur que vous avez utilis\u00e9 pour acc\u00e9der au site, votre syst\u00e8me d\u2019exploitation, la r\u00e9solution de votre \u00e9cran, votre localisation, les param\u00e8tres linguistiques de votre navigateur, le site d\u2019o\u00f9 vous venez et les mots-cl\u00e9s que vous avez cherch\u00e9s (si vous avez \u00e9t\u00e9 dirig\u00e9\u00b7e par un moteur de recherche). Ces donn\u00e9es techniques sont agr\u00e9g\u00e9es pour mesurer et am\u00e9liorer l\u2019efficacit\u00e9 de notre site. Ces renseignements ne permettent pas de vous identifier. Nous pourrions les partager avec un tiers sous forme agr\u00e9g\u00e9e. Vous pouvez bloquer l\u2019utilisation des t\u00e9moins dans les param\u00e8tres de votre navigateur. Veuillez noter que le retrait de votre consentement ou le blocage ult\u00e9rieur des t\u00e9moins pourrait vous emp\u00eacher d\u2019acc\u00e9der \u00e0 la totalit\u00e9 ou \u00e0 une partie du contenu de notre site. <\/p>\n<p>De temps \u00e0 autre, nous pourrions \u00eatre tenus de fournir des donn\u00e9es en r\u00e9ponse \u00e0 une ordonnance d\u2019un tribunal, \u00e0 une assignation \u00e0 t\u00e9moigner, \u00e0 une enqu\u00eate gouvernementale ou \u00e0 toute autre exigence de la loi. Nous nous r\u00e9servons \u00e9galement le droit de signaler aux services policiers toute activit\u00e9 que nous jugeons, de bonne foi, \u00eatre ill\u00e9gale. Nous pourrions divulguer certaines donn\u00e9es si nous estimons que cette divulgation est raisonnablement n\u00e9cessaire pour prot\u00e9ger notre s\u00e9curit\u00e9, notre propri\u00e9t\u00e9 et nos droits, ou ceux d\u2019autrui. <\/p>\n<p>Nous pourrions \u00e9galement divulguer certaines donn\u00e9es dans le cadre d\u2019une transaction, d\u2019une proc\u00e9dure ou d\u2019une r\u00e9organisation d\u2019entreprise impliquant le site ou d\u2019autres activit\u00e9s commerciales pour lesquelles les renseignements sont conserv\u00e9s. Dans l\u2019\u00e9ventualit\u00e9 d\u2019un changement de la propri\u00e9t\u00e9 de CropLife ou de ses activit\u00e9s en raison d\u2019une fusion, d\u2019une acquisition ou d\u2019un transfert \u00e0 une autre soci\u00e9t\u00e9, vos donn\u00e9es pourraient \u00eatre transf\u00e9r\u00e9es. Si la transaction est approuv\u00e9e, nous exigerons que le nouveau propri\u00e9taire soit li\u00e9 de mani\u00e8re similaire par les modalit\u00e9s de la pr\u00e9sente politique de confidentialit\u00e9, et qu\u2019il utilise ou divulgue vos donn\u00e9es uniquement dans la mesure o\u00f9 nous sommes autoris\u00e9s \u00e0 le faire. Si un tel transfert modifie de fa\u00e7on consid\u00e9rable la fa\u00e7on dont vos donn\u00e9es sont utilis\u00e9es sur ce site, nous vous aviserons des choix que vous pourriez avoir relativement \u00e0 ce transfert. Si la transaction n\u2019est pas approuv\u00e9e, nous nous assurerons que vos donn\u00e9es ne soient pas utilis\u00e9es ou divulgu\u00e9es de quelque mani\u00e8re que ce soit, et exigerons que la partie destinataire les d\u00e9truise compl\u00e8tement. <\/p>\n<p><strong>Transfert des donn\u00e9es \u00e0 l\u2019ext\u00e9rieur du Canada.<\/strong> Notre si\u00e8ge social est situ\u00e9 \u00e0 Ottawa, en Ontario, au Canada. Dans certains cas, les donn\u00e9es que nous g\u00e9rons peuvent \u00eatre trait\u00e9es ou stock\u00e9es \u00e0 l\u2019ext\u00e9rieur du Canada, et pourraient donc \u00eatre mises \u00e0 la disposition des autorit\u00e9s gouvernementales locales en vertu des lois applicables. Nous nous engageons \u00e0 prendre toutes les mesures raisonnables n\u00e9cessaires pour garantir que vos donn\u00e9es sont trait\u00e9es de mani\u00e8re s\u00e9curitaire, conform\u00e9ment \u00e0 la pr\u00e9sente politique de confidentialit\u00e9 et \u00e0 la loi canadienne. <\/p>\n<p><strong>Hyperliens.<\/strong> Ce site pourrait contenir des hyperliens vers des sites Web tiers non associ\u00e9s \u00e0 CropLife. Ces liens sont fournis pour des raisons pratiques. En utilisant ces sites, vous quitterez notre site et devrez assumer tous les risques qui en d\u00e9coulent. Nous ne sommes pas responsables des pratiques de confidentialit\u00e9, de la s\u00e9curit\u00e9 ou du contenu de sites Web tiers. La pr\u00e9sence d\u2019hyperliens vers des sites tiers ne signifie pas que CropLife approuve ces sites ou y est affili\u00e9e. Nous ne pouvons \u00eatre tenus responsables de tout dommage, quel qu\u2019il soit, r\u00e9sultant de l\u2019utilisation des renseignements et des fonctionnalit\u00e9s de ces sites, qu\u2019il s\u2019agisse de dommages directs, indirects, cons\u00e9cutifs, sp\u00e9ciaux, punitifs, exemplaires ou autres, en vertu d\u2019un contrat, de la n\u00e9gligence, ou d\u2019une responsabilit\u00e9 absolue ou autre. Nous vous recommandons de consulter la politique de confidentialit\u00e9 de tous les sites Web que vous visitez. <\/p>\n<p><strong>Modification de la politique de confidentialit\u00e9.<\/strong> En cas de modification importante de notre politique de confidentialit\u00e9 ayant un impact sur le traitement de vos renseignements personnels, une version r\u00e9vis\u00e9e de la pr\u00e9sente politique de confidentialit\u00e9 sera publi\u00e9e sur ce site. Ind\u00e9pendamment des modifications que nous apportons \u00e0 notre politique de confidentialit\u00e9, nous utiliserons vos renseignements personnels conform\u00e9ment \u00e0 la version de la politique de confidentialit\u00e9 en vigueur au moment o\u00f9 vous avez fourni ces renseignements, \u00e0 moins que vous ne donniez ult\u00e9rieurement votre consentement expr\u00e8s pour que nous les traitions autrement. <\/p>\n<p><strong>Questions ou pr\u00e9occupations.<\/strong> Si vous avez des questions ou des pr\u00e9occupations au sujet de cette politique de confidentialit\u00e9, veuillez nous \u00e9crire \u00e0 l\u2019adresse <a href=\"mailto:info@croplife.ca\">info@croplife.ca<\/a>. <\/p>\n<p>Cette politique de confidentialit\u00e9 a \u00e9t\u00e9 mise \u00e0 jour en date du 24\u202foctobre 2018. <\/p>\n<p>&nbsp;<\/p>\n<style>\n.entry-header{<br \/>\n    text-align: center;<br \/>\n    padding: 30px;<br \/>\n}<br \/>\n<\/style>\n","protected":false},"excerpt":{"rendered":"<p>La confidentialit\u00e9 de vos renseignements personnels rev\u00eat une importance primordiale pour CropLife Canada Inc. (\u00ab\u202fCropLife\u202f\u00bb, \u00ab\u202fnous\u202f\u00bb, \u00ab\u202fnotre\u202f\u00bb ou \u00ab\u202fnos\u202f\u00bb, comme appropri\u00e9). La politique de confidentialit\u00e9 g\u00e9n\u00e9rale de notre site Web principal pr\u00e9sente notre approche en mati\u00e8re de collecte, d\u2019utilisation et de divulgation de vos renseignements personnels sur les autres sites Web de CropLife. Cette politique [&hellip;]<\/p>\n","protected":false},"author":1,"featured_media":0,"parent":0,"menu_order":0,"comment_status":"closed","ping_status":"closed","template":"","meta":{"_acf_changed":false,"footnotes":""},"class_list":["post-962","page","type-page","status-publish","hentry"],"acf":[],"yoast_head":"<!-- This site is optimized with the Yoast SEO plugin v27.2 - https:\/\/yoast.com\/product\/yoast-seo-wordpress\/ -->\n<title>Politique De Confidentialit\u00e9 - Real Farm Lives<\/title>\n<meta name=\"robots\" content=\"index, follow, max-snippet:-1, max-image-preview:large, max-video-preview:-1\" \/>\n<link rel=\"canonical\" href=\"https:\/\/realfarmlives.ca\/fr\/politique-de-confidentialite\/\" \/>\n<meta property=\"og:locale\" content=\"fr_FR\" \/>\n<meta property=\"og:type\" content=\"article\" \/>\n<meta property=\"og:title\" content=\"Politique De Confidentialit\u00e9 - Real Farm Lives\" \/>\n<meta property=\"og:description\" content=\"La confidentialit\u00e9 de vos renseignements personnels rev\u00eat une importance primordiale pour CropLife Canada Inc. (\u00ab\u202fCropLife\u202f\u00bb, \u00ab\u202fnous\u202f\u00bb, \u00ab\u202fnotre\u202f\u00bb ou \u00ab\u202fnos\u202f\u00bb, comme appropri\u00e9). La politique de confidentialit\u00e9 g\u00e9n\u00e9rale de notre site Web principal pr\u00e9sente notre approche en mati\u00e8re de collecte, d\u2019utilisation et de divulgation de vos renseignements personnels sur les autres sites Web de CropLife. Cette politique [&hellip;]\" \/>\n<meta property=\"og:url\" content=\"https:\/\/realfarmlives.ca\/fr\/politique-de-confidentialite\/\" \/>\n<meta property=\"og:site_name\" content=\"Real Farm Lives\" \/>\n<meta property=\"article:modified_time\" content=\"2021-06-23T16:19:31+00:00\" \/>\n<meta name=\"twitter:card\" content=\"summary_large_image\" \/>\n<meta name=\"twitter:label1\" content=\"Est. reading time\" \/>\n\t<meta name=\"twitter:data1\" content=\"5 minutes\" \/>\n<script type=\"application\/ld+json\" class=\"yoast-schema-graph\">{\"@context\":\"https:\/\/schema.org\",\"@graph\":[{\"@type\":\"WebPage\",\"@id\":\"https:\/\/realfarmlives.ca\/fr\/politique-de-confidentialite\/\",\"url\":\"https:\/\/realfarmlives.ca\/fr\/politique-de-confidentialite\/\",\"name\":\"Politique De Confidentialit\u00e9 - Real Farm Lives\",\"isPartOf\":{\"@id\":\"https:\/\/realfarmlives.ca\/#website\"},\"datePublished\":\"2018-10-24T14:39:14+00:00\",\"dateModified\":\"2021-06-23T16:19:31+00:00\",\"breadcrumb\":{\"@id\":\"https:\/\/realfarmlives.ca\/fr\/politique-de-confidentialite\/#breadcrumb\"},\"inLanguage\":\"fr-FR\",\"potentialAction\":[{\"@type\":\"ReadAction\",\"target\":[\"https:\/\/realfarmlives.ca\/fr\/politique-de-confidentialite\/\"]}]},{\"@type\":\"BreadcrumbList\",\"@id\":\"https:\/\/realfarmlives.ca\/fr\/politique-de-confidentialite\/#breadcrumb\",\"itemListElement\":[{\"@type\":\"ListItem\",\"position\":1,\"name\":\"Home\",\"item\":\"https:\/\/realfarmlives.ca\/fr\/\"},{\"@type\":\"ListItem\",\"position\":2,\"name\":\"Politique De Confidentialit\u00e9\"}]},{\"@type\":\"WebSite\",\"@id\":\"https:\/\/realfarmlives.ca\/#website\",\"url\":\"https:\/\/realfarmlives.ca\/\",\"name\":\"Real Farm Lives\",\"description\":\"\",\"potentialAction\":[{\"@type\":\"SearchAction\",\"target\":{\"@type\":\"EntryPoint\",\"urlTemplate\":\"https:\/\/realfarmlives.ca\/?s={search_term_string}\"},\"query-input\":{\"@type\":\"PropertyValueSpecification\",\"valueRequired\":true,\"valueName\":\"search_term_string\"}}],\"inLanguage\":\"fr-FR\"}]}<\/script>\n<!-- \/ Yoast SEO plugin. -->","yoast_head_json":{"title":"Politique De Confidentialit\u00e9 - Real Farm Lives","robots":{"index":"index","follow":"follow","max-snippet":"max-snippet:-1","max-image-preview":"max-image-preview:large","max-video-preview":"max-video-preview:-1"},"canonical":"https:\/\/realfarmlives.ca\/fr\/politique-de-confidentialite\/","og_locale":"fr_FR","og_type":"article","og_title":"Politique De Confidentialit\u00e9 - Real Farm Lives","og_description":"La confidentialit\u00e9 de vos renseignements personnels rev\u00eat une importance primordiale pour CropLife Canada Inc. (\u00ab\u202fCropLife\u202f\u00bb, \u00ab\u202fnous\u202f\u00bb, \u00ab\u202fnotre\u202f\u00bb ou \u00ab\u202fnos\u202f\u00bb, comme appropri\u00e9). La politique de confidentialit\u00e9 g\u00e9n\u00e9rale de notre site Web principal pr\u00e9sente notre approche en mati\u00e8re de collecte, d\u2019utilisation et de divulgation de vos renseignements personnels sur les autres sites Web de CropLife. Cette politique [&hellip;]","og_url":"https:\/\/realfarmlives.ca\/fr\/politique-de-confidentialite\/","og_site_name":"Real Farm Lives","article_modified_time":"2021-06-23T16:19:31+00:00","twitter_card":"summary_large_image","twitter_misc":{"Est. reading time":"5 minutes"},"schema":{"@context":"https:\/\/schema.org","@graph":[{"@type":"WebPage","@id":"https:\/\/realfarmlives.ca\/fr\/politique-de-confidentialite\/","url":"https:\/\/realfarmlives.ca\/fr\/politique-de-confidentialite\/","name":"Politique De Confidentialit\u00e9 - Real Farm Lives","isPartOf":{"@id":"https:\/\/realfarmlives.ca\/#website"},"datePublished":"2018-10-24T14:39:14+00:00","dateModified":"2021-06-23T16:19:31+00:00","breadcrumb":{"@id":"https:\/\/realfarmlives.ca\/fr\/politique-de-confidentialite\/#breadcrumb"},"inLanguage":"fr-FR","potentialAction":[{"@type":"ReadAction","target":["https:\/\/realfarmlives.ca\/fr\/politique-de-confidentialite\/"]}]},{"@type":"BreadcrumbList","@id":"https:\/\/realfarmlives.ca\/fr\/politique-de-confidentialite\/#breadcrumb","itemListElement":[{"@type":"ListItem","position":1,"name":"Home","item":"https:\/\/realfarmlives.ca\/fr\/"},{"@type":"ListItem","position":2,"name":"Politique De Confidentialit\u00e9"}]},{"@type":"WebSite","@id":"https:\/\/realfarmlives.ca\/#website","url":"https:\/\/realfarmlives.ca\/","name":"Real Farm Lives","description":"","potentialAction":[{"@type":"SearchAction","target":{"@type":"EntryPoint","urlTemplate":"https:\/\/realfarmlives.ca\/?s={search_term_string}"},"query-input":{"@type":"PropertyValueSpecification","valueRequired":true,"valueName":"search_term_string"}}],"inLanguage":"fr-FR"}]}},"_links":{"self":[{"href":"https:\/\/realfarmlives.ca\/fr\/wp-json\/wp\/v2\/pages\/962","targetHints":{"allow":["GET"]}}],"collection":[{"href":"https:\/\/realfarmlives.ca\/fr\/wp-json\/wp\/v2\/pages"}],"about":[{"href":"https:\/\/realfarmlives.ca\/fr\/wp-json\/wp\/v2\/types\/page"}],"author":[{"embeddable":true,"href":"https:\/\/realfarmlives.ca\/fr\/wp-json\/wp\/v2\/users\/1"}],"replies":[{"embeddable":true,"href":"https:\/\/realfarmlives.ca\/fr\/wp-json\/wp\/v2\/comments?post=962"}],"version-history":[{"count":2,"href":"https:\/\/realfarmlives.ca\/fr\/wp-json\/wp\/v2\/pages\/962\/revisions"}],"predecessor-version":[{"id":964,"href":"https:\/\/realfarmlives.ca\/fr\/wp-json\/wp\/v2\/pages\/962\/revisions\/964"}],"wp:attachment":[{"href":"https:\/\/realfarmlives.ca\/fr\/wp-json\/wp\/v2\/media?parent=962"}],"curies":[{"name":"wp","href":"https:\/\/api.w.org\/{rel}","templated":true}]}}